{"id":2038,"date":"2024-05-16T09:26:16","date_gmt":"2024-05-16T09:26:16","guid":{"rendered":"https:\/\/istraservices.com\/?page_id=2038"},"modified":"2024-11-09T17:11:20","modified_gmt":"2024-11-09T17:11:20","slug":"recrutement","status":"publish","type":"page","link":"https:\/\/istraservices.com\/en\/recrutement","title":{"rendered":"Recrutement"},"content":{"rendered":"<div data-elementor-type=\"wp-page\" data-elementor-id=\"2038\" class=\"elementor elementor-2038\">\n\t\t\t\t<div class=\"elementor-element elementor-element-4abf4b79 e-flex e-con-boxed wpr-particle-no wpr-jarallax-no wpr-parallax-no wpr-sticky-section-no e-con e-parent\" data-id=\"4abf4b79\" data-element_type=\"container\" data-settings=\"{&quot;background_background&quot;:&quot;video&quot;,&quot;background_video_link&quot;:&quot;https:\\\/\\\/istra.optima365.tech\\\/wp-content\\\/uploads\\\/2024\\\/05\\\/1106469_1080p_Finance_Company_1280x720.mp4&quot;,&quot;background_play_on_mobile&quot;:&quot;yes&quot;}\">\n\t\t\t\t\t<div class=\"e-con-inner\">\n\t\t<div class=\"elementor-background-video-container\">\n\t\t\t\t\t\t\t<video class=\"elementor-background-video-hosted elementor-html5-video\" autoplay muted playsinline loop><\/video>\n\t\t\t\t\t<\/div>\t\t<div class=\"elementor-element elementor-element-6fecee90 elementor-widget elementor-widget-heading\" data-id=\"6fecee90\" data-element_type=\"widget\" data-widget_type=\"heading.default\">\n\t\t\t\t<div class=\"elementor-widget-container\">\n\t\t\t<h2 class=\"elementor-heading-title elementor-size-default\">Recrutement<\/h2>\t\t<\/div>\n\t\t\t\t<\/div>\n\t\t\t\t\t<\/div>\n\t\t\t\t<\/div>\n\t\t<div class=\"elementor-element elementor-element-11f783dc e-flex e-con-boxed wpr-particle-no wpr-jarallax-no wpr-parallax-no wpr-sticky-section-no e-con e-parent\" data-id=\"11f783dc\" data-element_type=\"container\">\n\t\t\t\t\t<div class=\"e-con-inner\">\n\t\t<div class=\"elementor-element elementor-element-6eccdb58 e-flex e-con-boxed wpr-particle-no wpr-jarallax-no wpr-parallax-no wpr-sticky-section-no elementor-invisible e-con e-child\" data-id=\"6eccdb58\" data-element_type=\"container\" data-settings=\"{&quot;background_background&quot;:&quot;classic&quot;,&quot;animation&quot;:&quot;zoomIn&quot;}\">\n\t\t\t\t\t<div class=\"e-con-inner\">\n\t\t<div class=\"elementor-element elementor-element-3e52b5b3 e-con-full e-flex wpr-particle-no wpr-jarallax-no wpr-parallax-no wpr-sticky-section-no e-con e-child\" data-id=\"3e52b5b3\" data-element_type=\"container\">\n\t\t\t\t<div class=\"elementor-element elementor-element-2e67ac69 elementor-widget elementor-widget-image\" data-id=\"2e67ac69\" data-element_type=\"widget\" data-widget_type=\"image.default\">\n\t\t\t\t<div class=\"elementor-widget-container\">\n\t\t\t\t\t\t\t\t\t\t\t\t\t<img fetchpriority=\"high\" decoding=\"async\" width=\"960\" height=\"960\" src=\"https:\/\/istraservices.com\/wp-content\/uploads\/2024\/05\/6572439_3244951-1024x1024.jpg\" class=\"attachment-large size-large wp-image-2043\" alt=\"recrutement par notre entreprise de nettoyage sur Paris et IDF\" srcset=\"https:\/\/istraservices.com\/wp-content\/uploads\/2024\/05\/6572439_3244951-1024x1024.jpg 1024w, https:\/\/istraservices.com\/wp-content\/uploads\/2024\/05\/6572439_3244951-300x300.jpg 300w, https:\/\/istraservices.com\/wp-content\/uploads\/2024\/05\/6572439_3244951-150x150.jpg 150w, https:\/\/istraservices.com\/wp-content\/uploads\/2024\/05\/6572439_3244951-768x768.jpg 768w, https:\/\/istraservices.com\/wp-content\/uploads\/2024\/05\/6572439_3244951-1536x1536.jpg 1536w, https:\/\/istraservices.com\/wp-content\/uploads\/2024\/05\/6572439_3244951.jpg 2000w\" sizes=\"(max-width: 960px) 100vw, 960px\" \/>\t\t\t\t\t\t\t\t\t\t\t\t\t<\/div>\n\t\t\t\t<\/div>\n\t\t\t\t<div class=\"elementor-element elementor-element-627801a3 elementor-view-stacked elementor-position-left elementor-mobile-position-left elementor-vertical-align-middle elementor-shape-circle elementor-vertical-align-top elementor-widget elementor-widget-icon-box\" data-id=\"627801a3\" data-element_type=\"widget\" data-widget_type=\"icon-box.default\">\n\t\t\t\t<div class=\"elementor-widget-container\">\n\t\t\t\t\t<div class=\"elementor-icon-box-wrapper\">\n\n\t\t\t\t\t\t<div class=\"elementor-icon-box-icon\">\n\t\t\t\t<span  class=\"elementor-icon elementor-animation-\">\n\t\t\t\t<svg aria-hidden=\"true\" class=\"e-font-icon-svg e-far-envelope\" viewbox=\"0 0 512 512\" xmlns=\"http:\/\/www.w3.org\/2000\/svg\"><path d=\"M464 64H48C21.49 64 0 85.49 0 112v288c0 26.51 21.49 48 48 48h416c26.51 0 48-21.49 48-48V112c0-26.51-21.49-48-48-48zm0 48v40.805c-22.422 18.259-58.168 46.651-134.587 106.49-16.841 13.247-50.201 45.072-73.413 44.701-23.208.375-56.579-31.459-73.413-44.701C106.18 199.465 70.425 171.067 48 152.805V112h416zM48 400V214.398c22.914 18.251 55.409 43.862 104.938 82.646 21.857 17.205 60.134 55.186 103.062 54.955 42.717.231 80.509-37.199 103.053-54.947 49.528-38.783 82.032-64.401 104.947-82.653V400H48z\"><\/path><\/svg>\t\t\t\t<\/span>\n\t\t\t<\/div>\n\t\t\t\n\t\t\t\t\t\t<div class=\"elementor-icon-box-content\">\n\n\t\t\t\t\t\t\t\t\t<h3 class=\"elementor-icon-box-title\">\n\t\t\t\t\t\t<span  >\n\t\t\t\t\t\t\tcontact@istraservices.com\t\t\t\t\t\t<\/span>\n\t\t\t\t\t<\/h3>\n\t\t\t\t\n\t\t\t\t\t\t\t\t\t<p class=\"elementor-icon-box-description\">\n\t\t\t\t\t\tD\u00e9poser votre CV ici\t\t\t\t\t<\/p>\n\t\t\t\t\n\t\t\t<\/div>\n\t\t\t\n\t\t<\/div>\n\t\t\t\t<\/div>\n\t\t\t\t<\/div>\n\t\t\t\t<\/div>\n\t\t<div class=\"elementor-element elementor-element-33dcef23 e-flex e-con-boxed wpr-particle-no wpr-jarallax-no wpr-parallax-no wpr-sticky-section-no e-con e-child\" data-id=\"33dcef23\" data-element_type=\"container\">\n\t\t\t\t\t<div class=\"e-con-inner\">\n\t\t\t\t<div class=\"elementor-element elementor-element-7b46d8cc elementor-widget elementor-widget-heading\" data-id=\"7b46d8cc\" data-element_type=\"widget\" data-widget_type=\"heading.default\">\n\t\t\t\t<div class=\"elementor-widget-container\">\n\t\t\t<h2 class=\"elementor-heading-title elementor-size-default\">Formulaire de recrutement<\/h2>\t\t<\/div>\n\t\t\t\t<\/div>\n\t\t\t\t<div class=\"elementor-element elementor-element-eebd2cf elementor-widget elementor-widget-wpforms\" data-id=\"eebd2cf\" data-element_type=\"widget\" data-widget_type=\"wpforms.default\">\n\t\t\t\t<div class=\"elementor-widget-container\">\n\t\t\t<style id=\"wpforms-css-vars-root\">\n\t\t\t\t:root {\n\t\t\t\t\t--wpforms-field-border-radius: 3px;\n--wpforms-field-border-style: solid;\n--wpforms-field-border-size: 1px;\n--wpforms-field-background-color: #ffffff;\n--wpforms-field-border-color: rgba( 0, 0, 0, 0.25 );\n--wpforms-field-border-color-spare: rgba( 0, 0, 0, 0.25 );\n--wpforms-field-text-color: rgba( 0, 0, 0, 0.7 );\n--wpforms-field-menu-color: #ffffff;\n--wpforms-label-color: rgba( 0, 0, 0, 0.85 );\n--wpforms-label-sublabel-color: rgba( 0, 0, 0, 0.55 );\n--wpforms-label-error-color: #d63637;\n--wpforms-button-border-radius: 3px;\n--wpforms-button-border-style: none;\n--wpforms-button-border-size: 1px;\n--wpforms-button-background-color: #066aab;\n--wpforms-button-border-color: #066aab;\n--wpforms-button-text-color: #ffffff;\n--wpforms-page-break-color: #066aab;\n--wpforms-background-image: none;\n--wpforms-background-position: center center;\n--wpforms-background-repeat: no-repeat;\n--wpforms-background-size: cover;\n--wpforms-background-width: 100px;\n--wpforms-background-height: 100px;\n--wpforms-background-color: rgba( 0, 0, 0, 0 );\n--wpforms-background-url: none;\n--wpforms-container-padding: 0px;\n--wpforms-container-border-style: none;\n--wpforms-container-border-width: 1px;\n--wpforms-container-border-color: #000000;\n--wpforms-container-border-radius: 3px;\n--wpforms-field-size-input-height: 43px;\n--wpforms-field-size-input-spacing: 15px;\n--wpforms-field-size-font-size: 16px;\n--wpforms-field-size-line-height: 19px;\n--wpforms-field-size-padding-h: 14px;\n--wpforms-field-size-checkbox-size: 16px;\n--wpforms-field-size-sublabel-spacing: 5px;\n--wpforms-field-size-icon-size: 1;\n--wpforms-label-size-font-size: 16px;\n--wpforms-label-size-line-height: 19px;\n--wpforms-label-size-sublabel-font-size: 14px;\n--wpforms-label-size-sublabel-line-height: 17px;\n--wpforms-button-size-font-size: 17px;\n--wpforms-button-size-height: 41px;\n--wpforms-button-size-padding-h: 15px;\n--wpforms-button-size-margin-top: 10px;\n--wpforms-container-shadow-size-box-shadow: none;\n\n\t\t\t\t}\n\t\t\t<\/style><style id=\"wpforms-css-vars-elementor-widget-eebd2cf\">\n\t\t\t\t.elementor-widget-wpforms.elementor-element-eebd2cf {\n\t\t\t\t\t--wpforms-field-text-color: #000000;\n--wpforms-button-background-color: #84C53C;\n--wpforms-field-size-input-height: 31px;\n--wpforms-field-size-input-spacing: 10px;\n--wpforms-field-size-font-size: 14px;\n--wpforms-field-size-line-height: 17px;\n--wpforms-field-size-padding-h: 9px;\n--wpforms-field-size-checkbox-size: 14px;\n--wpforms-field-size-sublabel-spacing: 5px;\n--wpforms-field-size-icon-size: 0.75;\n--wpforms-label-size-font-size: 14px;\n--wpforms-label-size-line-height: 17px;\n--wpforms-label-size-sublabel-font-size: 13px;\n--wpforms-label-size-sublabel-line-height: 16px;\n--wpforms-button-size-font-size: 14px;\n--wpforms-button-size-height: 37px;\n--wpforms-button-size-padding-h: 15px;\n--wpforms-button-size-margin-top: 5px;\n\n\t\t\t\t}\n\t\t\t<\/style><div class=\"wpforms-container wpforms-container-full wpforms-render-modern\" id=\"wpforms-2106\"><form id=\"wpforms-form-2106\" class=\"wpforms-validate wpforms-form wpforms-ajax-form\" data-formid=\"2106\" method=\"post\" enctype=\"multipart\/form-data\" action=\"\/en\/wp-json\/wp\/v2\/pages\/2038\" data-token=\"8f27b2cbab253ddfcb655ed10bfb7495\" data-token-time=\"1776761035\" data-trp-original-action=\"\/en\/wp-json\/wp\/v2\/pages\/2038\"><noscript class=\"wpforms-error-noscript\">Please enable JavaScript in your browser to complete this form.<\/noscript><div class=\"wpforms-hidden\" id=\"wpforms-error-noscript\">Please enable JavaScript in your browser to complete this form.<\/div><div class=\"wpforms-field-container\"><div id=\"wpforms-2106-field_0-container\" class=\"wpforms-field wpforms-field-name\" data-field-id=\"0\"><fieldset><legend class=\"wpforms-field-label wpforms-label-hide\" aria-hidden=\"false\">Nom <span class=\"wpforms-required-label\" aria-hidden=\"true\">*<\/span><\/legend><div class=\"wpforms-field-row wpforms-field-medium\"><div class=\"wpforms-field-row-block wpforms-first wpforms-one-half\"><input type=\"text\" id=\"wpforms-2106-field_0\" class=\"wpforms-field-name-first wpforms-field-required\" name=\"wpforms[fields][0][first]\" placeholder=\"Pr\u00e9nom\" aria-errormessage=\"wpforms-2106-field_0-error\" required><label for=\"wpforms-2106-field_0\" class=\"wpforms-field-sublabel after wpforms-sublabel-hide\">First<\/label><\/div><div class=\"wpforms-field-row-block wpforms-one-half\"><input type=\"text\" id=\"wpforms-2106-field_0-last\" class=\"wpforms-field-name-last wpforms-field-required\" name=\"wpforms[fields][0][last]\" placeholder=\"Nom\" aria-errormessage=\"wpforms-2106-field_0-last-error\" required><label for=\"wpforms-2106-field_0-last\" class=\"wpforms-field-sublabel after wpforms-sublabel-hide\">Last<\/label><\/div><\/div><\/fieldset><\/div><div id=\"wpforms-2106-field_3-container\" class=\"wpforms-field wpforms-field-text\" data-field-id=\"3\"><label class=\"wpforms-field-label wpforms-label-hide\" for=\"wpforms-2106-field_3\" aria-hidden=\"false\">T\u00e9l\u00e9phone <span class=\"wpforms-required-label\" aria-hidden=\"true\">*<\/span><\/label><input type=\"text\" id=\"wpforms-2106-field_3\" class=\"wpforms-field-medium wpforms-field-required\" name=\"wpforms[fields][3]\" placeholder=\"T\u00e9l\u00e9phone\" aria-errormessage=\"wpforms-2106-field_3-error\" required><\/div><div id=\"wpforms-2106-field_1-container\" class=\"wpforms-field wpforms-field-email\" data-field-id=\"1\"><label class=\"wpforms-field-label wpforms-label-hide\" for=\"wpforms-2106-field_1\" aria-hidden=\"false\">E-mail <span class=\"wpforms-required-label\" aria-hidden=\"true\">*<\/span><\/label><input type=\"email\" id=\"wpforms-2106-field_1\" class=\"wpforms-field-medium wpforms-field-required\" name=\"wpforms[fields][1]\" placeholder=\"E-mail\" spellcheck=\"false\" aria-errormessage=\"wpforms-2106-field_1-error\" required><\/div><div id=\"wpforms-2106-field_4-container\" class=\"wpforms-field wpforms-field-text\" data-field-id=\"4\"><label class=\"wpforms-field-label wpforms-label-hide\" for=\"wpforms-2106-field_4\" aria-hidden=\"false\">Parcours <span class=\"wpforms-required-label\" aria-hidden=\"true\">*<\/span><\/label><input type=\"text\" id=\"wpforms-2106-field_4\" class=\"wpforms-field-medium wpforms-field-required\" name=\"wpforms[fields][4]\" placeholder=\"Parcours scolaire\" aria-errormessage=\"wpforms-2106-field_4-error\" required><\/div><div id=\"wpforms-2106-field_2-container\" class=\"wpforms-field wpforms-field-textarea\" data-field-id=\"2\"><label class=\"wpforms-field-label wpforms-label-hide\" for=\"wpforms-2106-field_2\" aria-hidden=\"false\">Lettre de motivation <span class=\"wpforms-required-label\" aria-hidden=\"true\">*<\/span><\/label><textarea id=\"wpforms-2106-field_2\" class=\"wpforms-field-medium wpforms-field-required\" name=\"wpforms[fields][2]\" placeholder=\"Lettre de motivation\" aria-errormessage=\"wpforms-2106-field_2-error\" required><\/textarea><\/div><\/div><!-- .wpforms-field-container --><div class=\"wpforms-submit-container\" ><input type=\"hidden\" name=\"wpforms[id]\" value=\"2106\"><input type=\"hidden\" name=\"page_title\" value=\"\"><input type=\"hidden\" name=\"page_url\" value=\"https:\/\/istraservices.com\/en\/wp-json\/wp\/v2\/pages\/2038\"><button type=\"submit\" name=\"wpforms[submit]\" id=\"wpforms-submit-2106\" class=\"wpforms-submit\" data-alt-text=\"Envoi...\" data-submit-text=\"Envoyer\" aria-live=\"assertive\" value=\"wpforms-submit\">Envoyer<\/button><img decoding=\"async\" src=\"https:\/\/istraservices.com\/wp-content\/plugins\/wpforms-lite\/assets\/images\/submit-spin.svg\" class=\"wpforms-submit-spinner\" style=\"display: none;\" width=\"26\" height=\"26\" alt=\"Loading\"><\/div><input type=\"hidden\" name=\"trp-form-language\" value=\"en\"\/><\/form><\/div>  <!-- .wpforms-container -->\t\t<\/div>\n\t\t\t\t<\/div>\n\t\t\t\t\t<\/div>\n\t\t\t\t<\/div>\n\t\t\t\t\t<\/div>\n\t\t\t\t<\/div>\n\t\t\t\t\t<\/div>\n\t\t\t\t<\/div>\n\t\t\t\t<\/div>","protected":false},"excerpt":{"rendered":"<p>Recrutement contact@istraservices.com D\u00e9poser votre CV ici Formulaire de recrutement Veuillez activer JavaScript dans votre navigateur pour remplir ce formulaire.Veuillez activer JavaScript dans votre navigateur pour remplir ce formulaire. Nom * Pr\u00e9nomNom T\u00e9l\u00e9phone *E-mail *Parcours *Lettre de motivation * Envoyer<\/p>","protected":false},"author":1,"featured_media":0,"parent":0,"menu_order":0,"comment_status":"closed","ping_status":"closed","template":"elementor_canvas","meta":{"footnotes":""},"class_list":["post-2038","page","type-page","status-publish","hentry"],"aioseo_notices":[],"yoast_head":"<!-- This site is optimized with the Yoast SEO plugin v23.8 - https:\/\/yoast.com\/wordpress\/plugins\/seo\/ -->\n<title>service recrutement de notre entreprise de nettoyage Paris et IDF<\/title>\n<meta name=\"description\" content=\"Postulez dans notre entreprise de nettoyage sur Paris et IDF 24\/7 en remplissant ce formulaire ou en nous appelant au 06 20 20 33 71\" \/>\n<meta name=\"robots\" content=\"index, follow, max-snippet:-1, max-image-preview:large, max-video-preview:-1\" \/>\n<link rel=\"canonical\" href=\"https:\/\/istraservices.com\/en\/recrutement\/\" \/>\n<meta property=\"og:locale\" content=\"en_US\" \/>\n<meta property=\"og:type\" content=\"article\" \/>\n<meta property=\"og:title\" content=\"service recrutement de notre entreprise de nettoyage Paris et IDF\" \/>\n<meta property=\"og:description\" content=\"Postulez dans notre entreprise de nettoyage sur Paris et IDF 24\/7 en remplissant ce formulaire ou en nous appelant au 06 20 20 33 71\" \/>\n<meta property=\"og:url\" content=\"https:\/\/istraservices.com\/en\/recrutement\/\" \/>\n<meta property=\"og:site_name\" content=\"istra services\" \/>\n<meta property=\"article:modified_time\" content=\"2024-11-09T17:11:20+00:00\" \/>\n<meta property=\"og:image\" content=\"https:\/\/istraservices.com\/wp-content\/uploads\/2024\/05\/6572439_3244951.jpg\" \/>\n\t<meta property=\"og:image:width\" content=\"2000\" \/>\n\t<meta property=\"og:image:height\" content=\"2000\" \/>\n\t<meta property=\"og:image:type\" content=\"image\/jpeg\" \/>\n<meta name=\"twitter:card\" content=\"summary_large_image\" \/>\n<meta name=\"twitter:label1\" content=\"Est. reading time\" \/>\n\t<meta name=\"twitter:data1\" content=\"1 minute\" \/>\n<script type=\"application\/ld+json\" class=\"yoast-schema-graph\">{\"@context\":\"https:\/\/schema.org\",\"@graph\":[{\"@type\":\"WebPage\",\"@id\":\"https:\/\/istraservices.com\/recrutement\",\"url\":\"https:\/\/istraservices.com\/recrutement\",\"name\":\"service recrutement de notre entreprise de nettoyage Paris et IDF\",\"isPartOf\":{\"@id\":\"https:\/\/istraservices.com\/#website\"},\"primaryImageOfPage\":{\"@id\":\"https:\/\/istraservices.com\/recrutement#primaryimage\"},\"image\":{\"@id\":\"https:\/\/istraservices.com\/recrutement#primaryimage\"},\"thumbnailUrl\":\"https:\/\/istraservices.com\/wp-content\/uploads\/2024\/05\/6572439_3244951-1024x1024.jpg\",\"datePublished\":\"2024-05-16T09:26:16+00:00\",\"dateModified\":\"2024-11-09T17:11:20+00:00\",\"description\":\"Postulez dans notre entreprise de nettoyage sur Paris et IDF 24\/7 en remplissant ce formulaire ou en nous appelant au 06 20 20 33 71\",\"breadcrumb\":{\"@id\":\"https:\/\/istraservices.com\/recrutement#breadcrumb\"},\"inLanguage\":\"en-US\",\"potentialAction\":[{\"@type\":\"ReadAction\",\"target\":[\"https:\/\/istraservices.com\/recrutement\"]}]},{\"@type\":\"ImageObject\",\"inLanguage\":\"en-US\",\"@id\":\"https:\/\/istraservices.com\/recrutement#primaryimage\",\"url\":\"https:\/\/istraservices.com\/wp-content\/uploads\/2024\/05\/6572439_3244951-1024x1024.jpg\",\"contentUrl\":\"https:\/\/istraservices.com\/wp-content\/uploads\/2024\/05\/6572439_3244951-1024x1024.jpg\"},{\"@type\":\"BreadcrumbList\",\"@id\":\"https:\/\/istraservices.com\/recrutement#breadcrumb\",\"itemListElement\":[{\"@type\":\"ListItem\",\"position\":1,\"name\":\"Accueil\",\"item\":\"https:\/\/istraservices.com\/\"},{\"@type\":\"ListItem\",\"position\":2,\"name\":\"Recrutement\"}]},{\"@type\":\"WebSite\",\"@id\":\"https:\/\/istraservices.com\/#website\",\"url\":\"https:\/\/istraservices.com\/\",\"name\":\"istra services\",\"description\":\"Votre sp\u00e9cialiste en \u00cele de France du nettoyage, r\u00e9novation, gardiennage et conciergerie\",\"potentialAction\":[{\"@type\":\"SearchAction\",\"target\":{\"@type\":\"EntryPoint\",\"urlTemplate\":\"https:\/\/istraservices.com\/?s={search_term_string}\"},\"query-input\":{\"@type\":\"PropertyValueSpecification\",\"valueRequired\":true,\"valueName\":\"search_term_string\"}}],\"inLanguage\":\"en-US\"}]}<\/script>\n<!-- \/ Yoast SEO plugin. -->","yoast_head_json":{"title":"service recrutement de notre entreprise de nettoyage Paris et IDF","description":"Postulez dans notre entreprise de nettoyage sur Paris et IDF 24\/7 en remplissant ce formulaire ou en nous appelant au 06 20 20 33 71","robots":{"index":"index","follow":"follow","max-snippet":"max-snippet:-1","max-image-preview":"max-image-preview:large","max-video-preview":"max-video-preview:-1"},"canonical":"https:\/\/istraservices.com\/en\/recrutement\/","og_locale":"en_US","og_type":"article","og_title":"service recrutement de notre entreprise de nettoyage Paris et IDF","og_description":"Postulez dans notre entreprise de nettoyage sur Paris et IDF 24\/7 en remplissant ce formulaire ou en nous appelant au 06 20 20 33 71","og_url":"https:\/\/istraservices.com\/en\/recrutement\/","og_site_name":"istra services","article_modified_time":"2024-11-09T17:11:20+00:00","og_image":[{"width":2000,"height":2000,"url":"https:\/\/istraservices.com\/wp-content\/uploads\/2024\/05\/6572439_3244951.jpg","type":"image\/jpeg"}],"twitter_card":"summary_large_image","twitter_misc":{"Est. reading time":"1 minute"},"schema":{"@context":"https:\/\/schema.org","@graph":[{"@type":"WebPage","@id":"https:\/\/istraservices.com\/recrutement","url":"https:\/\/istraservices.com\/recrutement","name":"service recrutement de notre entreprise de nettoyage Paris et IDF","isPartOf":{"@id":"https:\/\/istraservices.com\/#website"},"primaryImageOfPage":{"@id":"https:\/\/istraservices.com\/recrutement#primaryimage"},"image":{"@id":"https:\/\/istraservices.com\/recrutement#primaryimage"},"thumbnailUrl":"https:\/\/istraservices.com\/wp-content\/uploads\/2024\/05\/6572439_3244951-1024x1024.jpg","datePublished":"2024-05-16T09:26:16+00:00","dateModified":"2024-11-09T17:11:20+00:00","description":"Postulez dans notre entreprise de nettoyage sur Paris et IDF 24\/7 en remplissant ce formulaire ou en nous appelant au 06 20 20 33 71","breadcrumb":{"@id":"https:\/\/istraservices.com\/recrutement#breadcrumb"},"inLanguage":"en-US","potentialAction":[{"@type":"ReadAction","target":["https:\/\/istraservices.com\/recrutement"]}]},{"@type":"ImageObject","inLanguage":"en-US","@id":"https:\/\/istraservices.com\/recrutement#primaryimage","url":"https:\/\/istraservices.com\/wp-content\/uploads\/2024\/05\/6572439_3244951-1024x1024.jpg","contentUrl":"https:\/\/istraservices.com\/wp-content\/uploads\/2024\/05\/6572439_3244951-1024x1024.jpg"},{"@type":"BreadcrumbList","@id":"https:\/\/istraservices.com\/recrutement#breadcrumb","itemListElement":[{"@type":"ListItem","position":1,"name":"Accueil","item":"https:\/\/istraservices.com\/"},{"@type":"ListItem","position":2,"name":"Recrutement"}]},{"@type":"WebSite","@id":"https:\/\/istraservices.com\/#website","url":"https:\/\/istraservices.com\/","name":"istra services","description":"Votre sp\u00e9cialiste en \u00cele de France du nettoyage, r\u00e9novation, gardiennage et conciergerie","potentialAction":[{"@type":"SearchAction","target":{"@type":"EntryPoint","urlTemplate":"https:\/\/istraservices.com\/?s={search_term_string}"},"query-input":{"@type":"PropertyValueSpecification","valueRequired":true,"valueName":"search_term_string"}}],"inLanguage":"en-US"}]}},"_links":{"self":[{"href":"https:\/\/istraservices.com\/en\/wp-json\/wp\/v2\/pages\/2038","targetHints":{"allow":["GET"]}}],"collection":[{"href":"https:\/\/istraservices.com\/en\/wp-json\/wp\/v2\/pages"}],"about":[{"href":"https:\/\/istraservices.com\/en\/wp-json\/wp\/v2\/types\/page"}],"author":[{"embeddable":true,"href":"https:\/\/istraservices.com\/en\/wp-json\/wp\/v2\/users\/1"}],"replies":[{"embeddable":true,"href":"https:\/\/istraservices.com\/en\/wp-json\/wp\/v2\/comments?post=2038"}],"version-history":[{"count":16,"href":"https:\/\/istraservices.com\/en\/wp-json\/wp\/v2\/pages\/2038\/revisions"}],"predecessor-version":[{"id":2631,"href":"https:\/\/istraservices.com\/en\/wp-json\/wp\/v2\/pages\/2038\/revisions\/2631"}],"wp:attachment":[{"href":"https:\/\/istraservices.com\/en\/wp-json\/wp\/v2\/media?parent=2038"}],"curies":[{"name":"wp","href":"https:\/\/api.w.org\/{rel}","templated":true}]}}